{"id":43,"date":"2025-05-26T16:48:01","date_gmt":"2025-05-26T16:48:01","guid":{"rendered":"https:\/\/kominiarze.online\/index.php\/przeglad-kominiarski\/"},"modified":"2025-05-26T16:48:05","modified_gmt":"2025-05-26T16:48:05","slug":"przeglad-kominiarski","status":"publish","type":"page","link":"https:\/\/kominiarze.online\/index.php\/przeglad-kominiarski\/","title":{"rendered":"p\u200brzeglad-kominiarski"},"content":{"rendered":"\n  \n    <section class=\"u-black u-clearfix u-section-1\" id=\"block-1\">\n      <div class=\"u-clearfix u-sheet u-sheet-1\">\n        <div class=\"data-layout-selected u-clearfix u-expanded-width u-layout-wrap u-layout-wrap-1\">\n          <div class=\"u-layout\">\n            <div class=\"u-layout-row\">\n              <div class=\"u-container-style u-layout-cell u-size-30 u-layout-cell-1\">\n                <div class=\"u-container-layout u-container-layout-1\">\n                  <h1 class=\"u-text u-text-1\"> Przegl\u0105d kominiarski<\/h1>\n                  <h2 class=\"u-text u-text-default u-text-2\"> Us\u0142ugi Kominiarze Online<\/h2>\n                  <h3 class=\"u-text u-text-default u-text-3\"> Przegl\u0105d kominiarski to jedna z najwa\u017cniejszych czynno\u015bci zwi\u0105zanych z bezpiecze\u0144stwem u\u017cytkowania budynk\u00f3w \u2013 zar\u00f3wno jednorodzinnych, jak i wielorodzinnych czy us\u0142ugowych. Regularne kontrole przewod\u00f3w kominowych chroni\u0105 przed zagro\u017ceniem po\u017carowym, wydzielaniem si\u0119 truj\u0105cego tlenku w\u0119gla (czadu) oraz utrzymuj\u0105 sprawno\u015b\u0107 instalacji grzewczej na najwy\u017cszym poziomie. Warto pozna\u0107 zasady, terminy i prawne wymogi dotycz\u0105ce przegl\u0105du kominiarskiego w Polsce, aby unikn\u0105\u0107 nieprzyjemnych konsekwencji \u2013 od kar finansowych po utrat\u0119 ubezpieczenia.<\/h3>\n                <\/div>\n              <\/div>\n              <div class=\"u-container-style u-layout-cell u-size-30 u-layout-cell-2\">\n                <div class=\"u-container-layout u-container-layout-2\">\n                  <img class=\"u-expanded-height u-image u-image-round u-radius lazyload u-image-1\" alt=\"\" data-image-width=\"1024\" data-image-height=\"1536\" data-src=\"https:\/\/kominiarze.online\/wp-content\/uploads\/2025\/05\/a1.webp\" loading=\"lazy\">\n                <\/div>\n              <\/div>\n            <\/div>\n          <\/div>\n        <\/div>\n      <\/div>\n    <\/section>\n    <section class=\"u-align-left u-clearfix u-container-align-left u-section-2\" id=\"block-3\">\n      <div class=\"u-clearfix u-sheet u-sheet-1\">\n        <div class=\"fr-view u-clearfix u-rich-text u-text u-text-1\">\n          <h2 id=\"isPasted\" style=\"text-align: center;\">\n            <span style=\"font-size: 2.25rem; font-weight: 700;\">Co to jest przegl\u0105d kominiarski?<\/span>\n          <\/h2>\n          <p>\n            <strong>Przegl\u0105d kominiarski<\/strong> to czynno\u015b\u0107 obejmuj\u0105ca ocen\u0119 stanu technicznego przewod\u00f3w kominowych (dymowych, spalinowych i wentylacyjnych) oraz urz\u0105dze\u0144 odprowadzaj\u0105cych spaliny. W praktyce kominiarz:\n          <\/p>\n          <ul>\n            <li>\n              <p>sprawdza dro\u017cno\u015b\u0107 komina i kana\u0142\u00f3w wentylacyjnych,<\/p>\n            <\/li>\n            <li>\n              <p>ocenia szczelno\u015b\u0107 przewod\u00f3w,<\/p>\n            <\/li>\n            <li>\n              <p>ocenia stabilno\u015b\u0107 i konstrukcj\u0119 wk\u0142ad\u00f3w kominowych,<\/p>\n            <\/li>\n            <li>\n              <p>w razie potrzeby usuwa zanieczyszczenia (sadza, py\u0142, zanieczyszczenia biologiczne),<\/p>\n            <\/li>\n            <li>\n              <p>wype\u0142nia elektroniczny protok\u00f3\u0142 kontroli (e-protoko\u00f3\u0142) w Centralnej Ewidencji Emisyjno\u015bci Budynk\u00f3w (CEEB).<\/p>\n            <\/li>\n          <\/ul>\n          <p>Dzi\u0119ki temu dzia\u0142aniu uzyskujemy pewno\u015b\u0107, \u017ce system odprowadzania spalin spe\u0142nia normy bezpiecze\u0144stwa i funkcjonuje sprawnie przez ca\u0142y sezon grzewczy.<\/p>\n          <hr>\n          <h2 style=\"text-align: center;\">\n            <span style=\"font-size: 2.25rem; font-weight: 700;\">Dlaczego warto wykonywa\u0107 przegl\u0105d kominiarski?<\/span>\n          <\/h2>\n          <ul>\n            <li>\n              <p>\n                <strong>Bezpiecze\u0144stwo przeciwpo\u017carowe<\/strong> Sadza jest jednym z najbardziej \u0142atwopalnych osad\u00f3w w przewodzie kominowym \u2013 od jej samoistnego zap\u0142onu powstaje ryzyko po\u017caru wewn\u0105trz komina, kt\u00f3ry mo\u017ce przenie\u015b\u0107 si\u0119 na konstrukcj\u0119 budynku. Regularna kontrola i czyszczenie minimalizuj\u0105 to zagro\u017cenie.\n              <\/p>\n            <\/li>\n            <li>\n              <p>\n                <strong>Ochrona przed czadem<\/strong> Nieszczelny komin i zanieczyszczony przew\u00f3d to prosta droga do cofania si\u0119 spalin do pomieszcze\u0144, co grozi zatruciem tlenkiem w\u0119gla. Przegl\u0105d kominiarski pozwala wykry\u0107 miejsca przeciek\u00f3w i zapobiec emisji czadu.\n              <\/p>\n            <\/li>\n            <li>\n              <p>\n                <strong>Optymalizacja pracy urz\u0105dze\u0144 grzewczych<\/strong> Dro\u017cny komin to lepszy ci\u0105g, a co za tym idzie \u2013 efektywniejsza praca kot\u0142a lub pieca. Czysty przew\u00f3d kominowy przek\u0142ada si\u0119 na ni\u017csze zu\u017cycie paliwa i mniejsze rachunki za ogrzewanie.\n              <\/p>\n            <\/li>\n            <li>\n              <p>\n                <strong>Wymogi ubezpieczenia<\/strong> Wiele towarzystw ubezpieczeniowych zastrzega w polisach, \u017ce brak aktualnego przegl\u0105du kominiarskiego mo\u017ce skutkowa\u0107 odmow\u0105 pokrycia szkody powsta\u0142ej w wyniku po\u017caru lub zalania spowodowanego cofaniem si\u0119 spalin.\n              <\/p>\n            <\/li>\n          <\/ul>\n          <p>\n            <br>\n          <\/p>\n          <h2 style=\"text-align: center;\">\n            <span style=\"font-size: 2.25rem; font-weight: 700;\">Prawne wymogi przegl\u0105du kominiarskiego w Polsce<\/span>\n          <\/h2>\n          <h3>\n            <span style=\"font-weight: 700;\">Podstawa prawna<\/span>\n          <\/h3>\n          <ul>\n            <li>\n              <p>\n                <strong>Ustawa Prawo budowlane<\/strong> (art. 62 ust. 1 pkt 1 lit. c) W\u0142a\u015bciciel lub zarz\u0105dca budynku jest zobowi\u0105zany do wykonywania okresowej kontroli stanu technicznego przewod\u00f3w kominowych przynajmniej raz w roku.\n              <\/p>\n            <\/li>\n            <li>\n              <p>\n                <strong>Rozporz\u0105dzenie Ministra Spraw Wewn\u0119trznych i Administracji<\/strong> z dnia 7 czerwca 2010 r. Okre\u015bla szczeg\u00f3\u0142owe wymagania dotycz\u0105ce usuwania zanieczyszcze\u0144 z przewod\u00f3w dymowych i spalinowych oraz kwalifikacje os\u00f3b upowa\u017cnionych do wykonywania czyszcze\u0144.\n              <\/p>\n            <\/li>\n            <li>\n              <p>\n                <strong>Centralna Ewidencja Emisyjno\u015bci Budynk\u00f3w (CEEB)<\/strong> Od 2023 r. kominiarz wprowadza wyniki kontroli wy\u0142\u0105cznie w formie elektronicznej, co umo\u017cliwia organom nadzoru szybki wgl\u0105d w histori\u0119 przegl\u0105d\u00f3w.\n              <\/p>\n            <\/li>\n          <\/ul>\n          <h3 id=\"isPasted\">\n            <span style=\"font-weight: 700;\">Cz\u0119stotliwo\u015b\u0107 przegl\u0105d\u00f3w<\/span>\n          <\/h3>\n          <p id=\"isPasted\">Dla r\u00f3\u017cnych rodzaj\u00f3w paliw obowi\u0105zuj\u0105 nast\u0119puj\u0105ce terminy:<\/p>\n          <ul>\n            <li>\n              <p>\n                <strong>Instalacje gazowe<\/strong> (paliwo gazowe):\n              <\/p>\n              <ul>\n                <li>\n                  <p>Przegl\u0105d kominiarski: co najmniej raz w roku<\/p>\n                <\/li>\n                <li>\n                  <p>Czyszczenie przewodu kominowego: co najmniej raz w roku<\/p>\n                <\/li>\n              <\/ul>\n            <\/li>\n            <li>\n              <p>\n                <strong>Instalacje olejowe<\/strong> (paliwo olejowe):\n              <\/p>\n              <ul>\n                <li>\n                  <p>Przegl\u0105d kominiarski: co najmniej raz w roku<\/p>\n                <\/li>\n                <li>\n                  <p>Czyszczenie przewodu kominowego: co najmniej raz w roku<\/p>\n                <\/li>\n              <\/ul>\n            <\/li>\n            <li>\n              <p>\n                <strong>Paliwa sta\u0142e<\/strong> (w\u0119giel, drewno):\n              <\/p>\n              <ul>\n                <li>\n                  <p>Przegl\u0105d kominiarski: co najmniej raz w roku<\/p>\n                <\/li>\n                <li>\n                  <p>Czyszczenie przewodu kominowego: co najmniej dwa razy w roku\u00b9<\/p>\n                <\/li>\n              <\/ul>\n            <\/li>\n          <\/ul>\n          <p>\u00b9 Cz\u0119stotliwo\u015b\u0107 czyszcze\u0144 w przypadku paliw sta\u0142ych mo\u017ce si\u0119 r\u00f3\u017cni\u0107 w zale\u017cno\u015bci od intensywno\u015bci eksploatacji i wymaga\u0144 lokalnych przepis\u00f3w.<\/p>\n        <\/div>\n      <\/div>\n    <\/section>\n    <section class=\"u-clearfix u-grey-5 u-section-3\" id=\"block-2\">\n      <div class=\"u-clearfix u-sheet u-sheet-1\">\n        <div class=\"data-layout-selected u-clearfix u-expanded-width u-layout-wrap u-layout-wrap-1\">\n          <div class=\"u-layout\">\n            <div class=\"u-layout-row\">\n              <div class=\"u-container-style u-layout-cell u-size-30 u-layout-cell-1\">\n                <div class=\"u-container-layout u-container-layout-1\">\n                  <img class=\"u-expanded-width u-image u-image-round u-radius lazyload u-image-1\" alt=\"\" data-image-width=\"1536\" data-image-height=\"1024\" data-src=\"https:\/\/kominiarze.online\/wp-content\/uploads\/2025\/05\/kominiarz1.webp\" loading=\"lazy\">\n                <\/div>\n              <\/div>\n              <div class=\"u-container-style u-layout-cell u-size-30 u-layout-cell-2\">\n                <div class=\"u-container-layout u-container-layout-2\">\n                  <h2 class=\"u-text u-text-default u-text-1\"> Kto mo\u017ce przeprowadzi\u0107 przegl\u0105d kominiarski?<\/h2>\n                  <h3 class=\"u-text u-text-default u-text-2\"> Prawo budowlane wskazuje dwie grupy os\u00f3b uprawnionych do wykonywania kontroli: <br> Mistrz w rzemio\u015ble kominiarskim \u2013 uprawniony do kontroli i czyszczenia przewod\u00f3w dymowych oraz grawitacyjnych przewod\u00f3w spalinowych i wentylacyjnych. <br> Osoba z uprawnieniami budowlanymi odpowiedniej specjalno\u015bci \u2013 uprawniona do kontroli wszystkich rodzaj\u00f3w przewod\u00f3w kominowych, w tym przemys\u0142owych i z wymuszonym ci\u0105giem mechanicznym. <br> Praktyka pokazuje, \u017ce zlecenia powierzane s\u0105 najcz\u0119\u015bciej licencjonowanym mistrzom kominiarskim, kt\u00f3rzy opr\u00f3cz przegl\u0105du oferuj\u0105 te\u017c czyszczenie i drobne naprawy.\n                  <\/h3>\n                <\/div>\n              <\/div>\n            <\/div>\n          <\/div>\n        <\/div>\n      <\/div>\n    <\/section>\n    <section class=\"u-align-left u-clearfix u-container-align-left u-section-4\" id=\"block-5\">\n      <div class=\"u-clearfix u-sheet u-valign-middle u-sheet-1\">\n        <div class=\"fr-view u-clearfix u-rich-text u-text u-text-1\">\n          <h2 id=\"isPasted\" style=\"text-align: center;\">\n            <span style=\"font-size: 2.25rem; font-weight: 700;\">Zakres czynno\u015bci w przegl\u0105dzie kominiarskim<\/span>\n          <\/h2>\n          <ol>\n            <li>\n              <p>\n                <strong>Ocena konstrukcji i szczelno\u015bci<\/strong>\n              <\/p>\n              <ul>\n                <li>\n                  <p>Kontrola stanu tynk\u00f3w, cegie\u0142, monolitu i wk\u0142ad\u00f3w kominowych.<\/p>\n                <\/li>\n                <li>\n                  <p>Sprawdzenie szczelno\u015bci na po\u0142\u0105czeniach i przej\u015bciach przez stropy.<\/p>\n                <\/li>\n              <\/ul>\n            <\/li>\n            <li>\n              <p>\n                <strong>Pomiary ci\u0105gu kominowego<\/strong>\n              <\/p>\n              <ul>\n                <li>\n                  <p>Pomiar podci\u015bnienia w kominie, ocena prawid\u0142owego odprowadzania spalin.<\/p>\n                <\/li>\n              <\/ul>\n            <\/li>\n            <li>\n              <p>\n                <strong>Weryfikacja dro\u017cno\u015bci<\/strong>\n              <\/p>\n              <ul>\n                <li>\n                  <p>Sprawdzenie, czy przew\u00f3d nie jest zablokowany przez osady, ptasie gniazda czy inne zanieczyszczenia.<\/p>\n                <\/li>\n              <\/ul>\n            <\/li>\n            <li>\n              <p>\n                <strong>Inspekcja wizualna<\/strong>\n              <\/p>\n              <ul>\n                <li>\n                  <p>Ocena stanu korony i czapki kominowej, kontrola systemu odprowadzania skroplin.<\/p>\n                <\/li>\n              <\/ul>\n            <\/li>\n            <li>\n              <p>\n                <strong>Elektroniczne protoko\u0142owanie (e-protoko\u0142y)<\/strong>\n              <\/p>\n              <ul>\n                <li>\n                  <p>Wpisanie wyniku przegl\u0105du do CEEB, z uwzgl\u0119dnieniem daty, osoby wykonuj\u0105cej czynno\u015b\u0107 i ewentualnych zalece\u0144 naprawczych.<\/p>\n                <\/li>\n              <\/ul>\n            <\/li>\n          <\/ol>\n          <hr>\n          <h2 style=\"text-align: center;\">\n            <span style=\"font-size: 2.25rem; font-weight: 700;\"> Centralna Ewidencja Emisyjno\u015bci Budynk\u00f3w (CEEB)<\/span>\n          <\/h2>\n          <p>Od wrze\u015bnia 2023 r. protoko\u0142y z przegl\u0105d\u00f3w s\u0105 wprowadzane wy\u0142\u0105cznie elektronicznie do <strong>Centralnej Ewidencji Emisyjno\u015bci Budynk\u00f3w (CEEB)<\/strong>. Dzi\u0119ki temu:\n          <\/p>\n          <ul>\n            <li>\n              <p>Organy nadzoru (m.in. stra\u017c po\u017carna, nadz\u00f3r budowlany) maj\u0105 dost\u0119p do pe\u0142nej historii kontroli.<\/p>\n            <\/li>\n            <li>\n              <p>W\u0142a\u015bciciel nieruchomo\u015bci otrzymuje potwierdzenie wykonania us\u0142ugi w postaci cyfrowego dokumentu.<\/p>\n            <\/li>\n            <li>\n              <p>Ubezpieczyciele mog\u0105 weryfikowa\u0107 aktualno\u015b\u0107 przegl\u0105d\u00f3w.<\/p>\n            <\/li>\n          <\/ul>\n          <hr>\n          <h2 style=\"text-align: center;\">\n            <span style=\"font-size: 2.25rem; font-weight: 700;\">Konsekwencje niewykonania przegl\u0105du<\/span>\n          <\/h2>\n          <ul>\n            <li>\n              <p>\n                <strong>Mandat lub grzywna<\/strong> \u2013 stra\u017c po\u017carna lub nadz\u00f3r budowlany mo\u017ce na\u0142o\u017cy\u0107 kar\u0119 za brak aktualnego przegl\u0105du kominiarskiego.\n              <\/p>\n            <\/li>\n            <li>\n              <p>\n                <strong>Problemy z ubezpieczeniem<\/strong> \u2013 w przypadku szkody ubezpieczyciel mo\u017ce odm\u00f3wi\u0107 wyp\u0142aty odszkodowania.\n              <\/p>\n            <\/li>\n            <li>\n              <p>\n                <strong>Ryzyko po\u017caru i zatrucia<\/strong> \u2013 brak kontroli sprzyja gromadzeniu si\u0119 \u0142atwopalnej sadzy i mo\u017ce prowadzi\u0107 do tragedii.\n              <\/p>\n            <\/li>\n          <\/ul>\n        <\/div>\n      <\/div>\n    <\/section>\n    <section class=\"u-clearfix u-section-5\" id=\"block-4\">\n      <div class=\"u-clearfix u-sheet u-sheet-1\">\n        <h2 class=\"u-align-center u-text u-text-1\"> Kominiarz Warszawa \u2013 us\u0142ugi w poszczeg\u00f3lnych dzielnicach<\/h2>\n        <h3 class=\"u-align-center u-text u-text-2\"> Mieszkasz w stolicy? Skorzystaj z us\u0142ug do\u015bwiadczonego kominiarza w Warszawie \u2013 dzia\u0142amy we wszystkich dzielnicach: <br> Mokot\u00f3w \u2013 szybka obs\u0142uga nawet w ci\u0105gu 24 godzin. <br> Praga-P\u00f3\u0142noc i Praga-Po\u0142udnie \u2013 ulica Saska K\u0119pa, plac Hallera? Jeste\u015bmy blisko! <br> Wola \u2013 od Biur po bloki \u2013 przegl\u0105dy realizujemy w dogodnych terminach. <br> Ursyn\u00f3w \u2013 kompleksowa obs\u0142uga dom\u00f3w jednorodzinnych i osiedli. <br> Bemowo \u2013 konkurencyjne ceny i elastyczne godziny realizacji. <br> \u017boliborz \u2013 szybkie terminy i pomoc w za\u0142atwianiu formalno\u015bci CEEB. <br> Wilan\u00f3w \u2013 do\u015bwiadczenie w obs\u0142udze luksusowych rezydencji. <br> Wykorzystujemy nowoczesne kamery kominowe, mierniki ci\u0105gu oraz systemy filtracji sadzy, by zapewni\u0107 us\u0142ug\u0119 na najwy\u017cszym poziomie.\n        <\/h3>\n      <\/div>\n    <\/section>\n    \n    \n    \n    \n  \n","protected":false},"excerpt":{"rendered":"<p>Przegl\u0105d kominiarski Us\u0142ugi Kominiarze Online Przegl\u0105d kominiarski to jedna z najwa\u017cniejszych czynno\u015bci zwi\u0105zanych z bezpiecze\u0144stwem u\u017cytkowania budynk\u00f3w \u2013 zar\u00f3wno jednorodzinnych, jak i wielorodzinnych czy us\u0142ugowych. Regularne kontrole przewod\u00f3w kominowych chroni\u0105 przed zagro\u017ceniem po\u017carowym, wydzielaniem si\u0119 truj\u0105cego tlenku w\u0119gla (czadu) oraz utrzymuj\u0105 sprawno\u015b\u0107 instalacji grzewczej na najwy\u017cszym poziomie. Warto pozna\u0107 zasady, terminy i prawne wymogi dotycz\u0105ce &hellip; <a href=\"https:\/\/kominiarze.online\/index.php\/przeglad-kominiarski\/\" class=\"more-link\">Continue reading<span class=\"screen-reader-text\"> &#8220;p\u200brzeglad-kominiarski&#8221;<\/span><\/a><\/p>\n","protected":false},"author":1,"featured_media":0,"parent":0,"menu_order":8,"comment_status":"closed","ping_status":"closed","template":"","meta":{"footnotes":""},"class_list":["post-43","page","type-page","status-publish","hentry"],"_links":{"self":[{"href":"https:\/\/kominiarze.online\/index.php\/wp-json\/wp\/v2\/pages\/43","targetHints":{"allow":["GET"]}}],"collection":[{"href":"https:\/\/kominiarze.online\/index.php\/wp-json\/wp\/v2\/pages"}],"about":[{"href":"https:\/\/kominiarze.online\/index.php\/wp-json\/wp\/v2\/types\/page"}],"author":[{"embeddable":true,"href":"https:\/\/kominiarze.online\/index.php\/wp-json\/wp\/v2\/users\/1"}],"replies":[{"embeddable":true,"href":"https:\/\/kominiarze.online\/index.php\/wp-json\/wp\/v2\/comments?post=43"}],"version-history":[{"count":1,"href":"https:\/\/kominiarze.online\/index.php\/wp-json\/wp\/v2\/pages\/43\/revisions"}],"predecessor-version":[{"id":53,"href":"https:\/\/kominiarze.online\/index.php\/wp-json\/wp\/v2\/pages\/43\/revisions\/53"}],"wp:attachment":[{"href":"https:\/\/kominiarze.online\/index.php\/wp-json\/wp\/v2\/media?parent=43"}],"curies":[{"name":"wp","href":"https:\/\/api.w.org\/{rel}","templated":true}]}}